{"id":5081,"date":"2026-04-19T10:27:22","date_gmt":"2026-04-19T10:27:22","guid":{"rendered":"http:\/\/localhost\/etplautomation\/?post_type=product&#038;p=5081"},"modified":"2026-04-19T11:31:52","modified_gmt":"2026-04-19T11:31:52","slug":"mh11051d","status":"publish","type":"product","link":"https:\/\/etplautomation.com\/products\/product\/mh11051d\/","title":{"rendered":"MH11051D"},"content":{"rendered":"<p>Illumination Type: Non-Coaxial<br \/>\nSensor: 1.1&#8243;<br \/>\nMagnification: 0.5x<br \/>\nWD: 110mm<br \/>\nF.NO: 5.2<br \/>\nNd: 0.05<br \/>\nTelecentricity: \ufe640.05\u00b0<br \/>\nTV distortion: &lt;0.03%<br \/>\nDOF(mm): 1.404<br \/>\nObject-Side Resolution: 6.71um<br \/>\nTTL: 152.02<br \/>\nMount: C-Mount<br \/>\n1.1 inch FOV(D\u00d7H\u00d7V): 35.2\u00d728.3\u00d720.7<br \/>\n14 inch FOV(H\u00d7V): 25.6\u00d725.6<br \/>\n2\/3 inch FOV(H\u00d7V): 17.6\u00d713.2<br \/>\nSize: \u03c652\u00d7134.5<\/p>\n","protected":false},"excerpt":{"rendered":"<p>Illumination Type: Non-Coaxial Sensor: 1.1&#8243; Magnification: 0.5x WD: 110mm F.NO: 5.2 Nd: 0.05 Telecentricity: \ufe640.05\u00b0 TV distortion: &lt;0.03% DOF(mm): 1.404 Object-Side Resolution: 6.71um TTL: 152.02 Mount: C-Mount 1.1 inch FOV(D\u00d7H\u00d7V): 35.2\u00d728.3\u00d720.7 14 inch FOV(H\u00d7V): 25.6\u00d725.6 2\/3 inch FOV(H\u00d7V): 17.6\u00d713.2 Size: \u03c652\u00d7134.5<\/p>\n","protected":false},"featured_media":0,"comment_status":"open","ping_status":"closed","template":"","meta":[],"product_brand":[],"product_cat":[1925,39,162],"product_tag":[],"class_list":{"0":"post-5081","1":"product","2":"type-product","3":"status-publish","5":"product_cat-1-1-standard-telecentric-lens","6":"product_cat-industrial-lens","7":"product_cat-telecentric-lens","9":"first","10":"instock","11":"taxable","12":"shipping-taxable","13":"purchasable","14":"product-type-simple"},"acf":[],"_links":{"self":[{"href":"https:\/\/etplautomation.com\/products\/wp-json\/wp\/v2\/product\/5081","targetHints":{"allow":["GET"]}}],"collection":[{"href":"https:\/\/etplautomation.com\/products\/wp-json\/wp\/v2\/product"}],"about":[{"href":"https:\/\/etplautomation.com\/products\/wp-json\/wp\/v2\/types\/product"}],"replies":[{"embeddable":true,"href":"https:\/\/etplautomation.com\/products\/wp-json\/wp\/v2\/comments?post=5081"}],"wp:attachment":[{"href":"https:\/\/etplautomation.com\/products\/wp-json\/wp\/v2\/media?parent=5081"}],"wp:term":[{"taxonomy":"product_brand","embeddable":true,"href":"https:\/\/etplautomation.com\/products\/wp-json\/wp\/v2\/product_brand?post=5081"},{"taxonomy":"product_cat","embeddable":true,"href":"https:\/\/etplautomation.com\/products\/wp-json\/wp\/v2\/product_cat?post=5081"},{"taxonomy":"product_tag","embeddable":true,"href":"https:\/\/etplautomation.com\/products\/wp-json\/wp\/v2\/product_tag?post=5081"}],"curies":[{"name":"wp","href":"https:\/\/api.w.org\/{rel}","templated":true}]}}