{"id":5082,"date":"2026-04-19T10:28:06","date_gmt":"2026-04-19T10:28:06","guid":{"rendered":"http:\/\/localhost\/etplautomation\/?post_type=product&#038;p=5082"},"modified":"2026-04-19T12:38:27","modified_gmt":"2026-04-19T12:38:27","slug":"mh11061a","status":"publish","type":"product","link":"https:\/\/etplautomation.com\/products\/product\/mh11061a\/","title":{"rendered":"MH11061A"},"content":{"rendered":"<p>Illumination Type:\tCoaxial<br \/>\nSensor:\t1.1&#8243;<br \/>\nMagnification:\t0.6x<br \/>\nWD:\t110mm<br \/>\nF.NO:\t8.6<br \/>\nNd:\t0.035<br \/>\nTelecentricity:\t\ufe640.07\u00b0<br \/>\nTV distortion:\t\ufe640.05%<br \/>\nDOF(mm):\t1.075<br \/>\nObject-Side Resolution:\t9.59um<br \/>\nTTL:\t154.8<br \/>\nMount:\tC-Mount<br \/>\n1.1 inch FOV(D\u00d7H\u00d7V):\t29.3\u00d723.4\u00d717.6<br \/>\n15 inch FOV(H\u00d7V):\t21.3\u00d716<br \/>\n2\/3 inch FOV(H\u00d7V):\t14.7\u00d711<br \/>\nSize:\t\u03c648\u00d7137.3<\/p>\n","protected":false},"excerpt":{"rendered":"<p>Illumination Type: Coaxial Sensor: 1.1&#8243; Magnification: 0.6x WD: 110mm F.NO: 8.6 Nd: 0.035 Telecentricity: \ufe640.07\u00b0 TV distortion: \ufe640.05% DOF(mm): 1.075 Object-Side Resolution: 9.59um TTL: 154.8 Mount: C-Mount 1.1 inch FOV(D\u00d7H\u00d7V): 29.3\u00d723.4\u00d717.6 15 inch FOV(H\u00d7V): 21.3\u00d716 2\/3 inch FOV(H\u00d7V): 14.7\u00d711 Size: \u03c648\u00d7137.3<\/p>\n","protected":false},"featured_media":0,"comment_status":"open","ping_status":"closed","template":"","meta":[],"product_brand":[],"product_cat":[1925,39,162],"product_tag":[],"class_list":{"0":"post-5082","1":"product","2":"type-product","3":"status-publish","5":"product_cat-1-1-standard-telecentric-lens","6":"product_cat-industrial-lens","7":"product_cat-telecentric-lens","9":"first","10":"instock","11":"taxable","12":"shipping-taxable","13":"purchasable","14":"product-type-simple"},"acf":[],"_links":{"self":[{"href":"https:\/\/etplautomation.com\/products\/wp-json\/wp\/v2\/product\/5082","targetHints":{"allow":["GET"]}}],"collection":[{"href":"https:\/\/etplautomation.com\/products\/wp-json\/wp\/v2\/product"}],"about":[{"href":"https:\/\/etplautomation.com\/products\/wp-json\/wp\/v2\/types\/product"}],"replies":[{"embeddable":true,"href":"https:\/\/etplautomation.com\/products\/wp-json\/wp\/v2\/comments?post=5082"}],"wp:attachment":[{"href":"https:\/\/etplautomation.com\/products\/wp-json\/wp\/v2\/media?parent=5082"}],"wp:term":[{"taxonomy":"product_brand","embeddable":true,"href":"https:\/\/etplautomation.com\/products\/wp-json\/wp\/v2\/product_brand?post=5082"},{"taxonomy":"product_cat","embeddable":true,"href":"https:\/\/etplautomation.com\/products\/wp-json\/wp\/v2\/product_cat?post=5082"},{"taxonomy":"product_tag","embeddable":true,"href":"https:\/\/etplautomation.com\/products\/wp-json\/wp\/v2\/product_tag?post=5082"}],"curies":[{"name":"wp","href":"https:\/\/api.w.org\/{rel}","templated":true}]}}