{"id":5084,"date":"2026-04-19T10:29:33","date_gmt":"2026-04-19T10:29:33","guid":{"rendered":"http:\/\/localhost\/etplautomation\/?post_type=product&#038;p=5084"},"modified":"2026-04-19T12:42:05","modified_gmt":"2026-04-19T12:42:05","slug":"mh11075a","status":"publish","type":"product","link":"https:\/\/etplautomation.com\/products\/product\/mh11075a\/","title":{"rendered":"MH11075A"},"content":{"rendered":"<p>Illumination Type:\tCoaxial<br \/>\nSensor:\t1.1&#8243;<br \/>\nMagnification:\t0.75x<br \/>\nWD:\t110mm<br \/>\nF.NO:\t7.0<br \/>\nNd:\t0.051<br \/>\nTelecentricity:\t\ufe640.07\u00b0<br \/>\nTV distortion:\t\ufe640.03%<br \/>\nDOF(mm):\t0.560<br \/>\nObject-Side Resolution:\t6.58um<br \/>\nTTL:\t165.4<br \/>\nMount:\tC-Mount<br \/>\n1.1 inch FOV(D\u00d7H\u00d7V):\t23.4\u00d718.9\u00d713.8<br \/>\n17 inch FOV(H\u00d7V):\t17\u00d712.8<br \/>\n2\/3 inch FOV(H\u00d7V):\t11.7\u00d78.8<br \/>\nSize:\t\u03c648\u00d7147.9<\/p>\n","protected":false},"excerpt":{"rendered":"<p>Illumination Type: Coaxial Sensor: 1.1&#8243; Magnification: 0.75x WD: 110mm F.NO: 7.0 Nd: 0.051 Telecentricity: \ufe640.07\u00b0 TV distortion: \ufe640.03% DOF(mm): 0.560 Object-Side Resolution: 6.58um TTL: 165.4 Mount: C-Mount 1.1 inch FOV(D\u00d7H\u00d7V): 23.4\u00d718.9\u00d713.8 17 inch FOV(H\u00d7V): 17\u00d712.8 2\/3 inch FOV(H\u00d7V): 11.7\u00d78.8 Size: \u03c648\u00d7147.9<\/p>\n","protected":false},"featured_media":0,"comment_status":"open","ping_status":"closed","template":"","meta":[],"product_brand":[],"product_cat":[1925,39,162],"product_tag":[],"class_list":{"0":"post-5084","1":"product","2":"type-product","3":"status-publish","5":"product_cat-1-1-standard-telecentric-lens","6":"product_cat-industrial-lens","7":"product_cat-telecentric-lens","9":"first","10":"instock","11":"taxable","12":"shipping-taxable","13":"purchasable","14":"product-type-simple"},"acf":[],"_links":{"self":[{"href":"https:\/\/etplautomation.com\/products\/wp-json\/wp\/v2\/product\/5084","targetHints":{"allow":["GET"]}}],"collection":[{"href":"https:\/\/etplautomation.com\/products\/wp-json\/wp\/v2\/product"}],"about":[{"href":"https:\/\/etplautomation.com\/products\/wp-json\/wp\/v2\/types\/product"}],"replies":[{"embeddable":true,"href":"https:\/\/etplautomation.com\/products\/wp-json\/wp\/v2\/comments?post=5084"}],"wp:attachment":[{"href":"https:\/\/etplautomation.com\/products\/wp-json\/wp\/v2\/media?parent=5084"}],"wp:term":[{"taxonomy":"product_brand","embeddable":true,"href":"https:\/\/etplautomation.com\/products\/wp-json\/wp\/v2\/product_brand?post=5084"},{"taxonomy":"product_cat","embeddable":true,"href":"https:\/\/etplautomation.com\/products\/wp-json\/wp\/v2\/product_cat?post=5084"},{"taxonomy":"product_tag","embeddable":true,"href":"https:\/\/etplautomation.com\/products\/wp-json\/wp\/v2\/product_tag?post=5084"}],"curies":[{"name":"wp","href":"https:\/\/api.w.org\/{rel}","templated":true}]}}