{"id":5086,"date":"2026-04-19T10:30:49","date_gmt":"2026-04-19T10:30:49","guid":{"rendered":"http:\/\/localhost\/etplautomation\/?post_type=product&#038;p=5086"},"modified":"2026-04-19T12:45:41","modified_gmt":"2026-04-19T12:45:41","slug":"mh11101a","status":"publish","type":"product","link":"https:\/\/etplautomation.com\/products\/product\/mh11101a\/","title":{"rendered":"MH11101A"},"content":{"rendered":"<p>Illumination Type:\tCoaxial<br \/>\nSensor:\t1.1&#8243;<br \/>\nMagnification:\t1x<br \/>\nWD:\t110mm<br \/>\nF.NO:\t8.6-22<br \/>\nNd:\t0.06<br \/>\nTelecentricity:\t\ufe640.02\u00b0<br \/>\nTV distortion:\t\ufe640.05%<br \/>\nDOF(mm):\t0.387<br \/>\nObject-Side Resolution:\t5.59um<br \/>\nTTL:\t125.2<br \/>\nMount:\tC-Mount<br \/>\n1.1 inch FOV(D\u00d7H\u00d7V):\t17.6\u00d714.1\u00d710.3<br \/>\n19 inch FOV(H\u00d7V):\t12.8\u00d79.6<br \/>\n2\/3 inch FOV(H\u00d7V):\t8.8\u00d76.6<br \/>\nSize:\t\u03c640\u00d7107.7<\/p>\n","protected":false},"excerpt":{"rendered":"<p>Illumination Type: Coaxial Sensor: 1.1&#8243; Magnification: 1x WD: 110mm F.NO: 8.6-22 Nd: 0.06 Telecentricity: \ufe640.02\u00b0 TV distortion: \ufe640.05% DOF(mm): 0.387 Object-Side Resolution: 5.59um TTL: 125.2 Mount: C-Mount 1.1 inch FOV(D\u00d7H\u00d7V): 17.6\u00d714.1\u00d710.3 19 inch FOV(H\u00d7V): 12.8\u00d79.6 2\/3 inch FOV(H\u00d7V): 8.8\u00d76.6 Size: \u03c640\u00d7107.7<\/p>\n","protected":false},"featured_media":0,"comment_status":"open","ping_status":"closed","template":"","meta":[],"product_brand":[],"product_cat":[1925,39,162],"product_tag":[],"class_list":{"0":"post-5086","1":"product","2":"type-product","3":"status-publish","5":"product_cat-1-1-standard-telecentric-lens","6":"product_cat-industrial-lens","7":"product_cat-telecentric-lens","9":"first","10":"instock","11":"taxable","12":"shipping-taxable","13":"purchasable","14":"product-type-simple"},"acf":[],"_links":{"self":[{"href":"https:\/\/etplautomation.com\/products\/wp-json\/wp\/v2\/product\/5086","targetHints":{"allow":["GET"]}}],"collection":[{"href":"https:\/\/etplautomation.com\/products\/wp-json\/wp\/v2\/product"}],"about":[{"href":"https:\/\/etplautomation.com\/products\/wp-json\/wp\/v2\/types\/product"}],"replies":[{"embeddable":true,"href":"https:\/\/etplautomation.com\/products\/wp-json\/wp\/v2\/comments?post=5086"}],"wp:attachment":[{"href":"https:\/\/etplautomation.com\/products\/wp-json\/wp\/v2\/media?parent=5086"}],"wp:term":[{"taxonomy":"product_brand","embeddable":true,"href":"https:\/\/etplautomation.com\/products\/wp-json\/wp\/v2\/product_brand?post=5086"},{"taxonomy":"product_cat","embeddable":true,"href":"https:\/\/etplautomation.com\/products\/wp-json\/wp\/v2\/product_cat?post=5086"},{"taxonomy":"product_tag","embeddable":true,"href":"https:\/\/etplautomation.com\/products\/wp-json\/wp\/v2\/product_tag?post=5086"}],"curies":[{"name":"wp","href":"https:\/\/api.w.org\/{rel}","templated":true}]}}