{"id":5089,"date":"2026-04-19T10:33:19","date_gmt":"2026-04-19T10:33:19","guid":{"rendered":"http:\/\/localhost\/etplautomation\/?post_type=product&#038;p=5089"},"modified":"2026-04-19T12:50:37","modified_gmt":"2026-04-19T12:50:37","slug":"mh11151b","status":"publish","type":"product","link":"https:\/\/etplautomation.com\/products\/product\/mh11151b\/","title":{"rendered":"MH11151B"},"content":{"rendered":"<p>Illumination Type:\tNon-Coaxial<br \/>\nSensor:\t1.1&#8243;<br \/>\nMagnification:\t1.5x<br \/>\nWD:\t110mm<br \/>\nF.NO:\t9.5-22<br \/>\nNd:\t0.08<br \/>\nTelecentricity:\t\ufe640.02\u00b0<br \/>\nTV distortion:\t\ufe640.03%<br \/>\nDOF(mm):\t0.190<br \/>\nObject-Side Resolution:\t4.19um<br \/>\nTTL:\t149<br \/>\nMount:\tC-Mount<br \/>\n1.1 inch FOV(D\u00d7H\u00d7V):\t12.1\u00d79.4\u00d76.9<br \/>\n22 inch FOV(H\u00d7V):\t8.5\u00d76.4<br \/>\n2\/3 inch FOV(H\u00d7V):\t5.8\u00d74.4<br \/>\nSize:\t\u03c640\u00d7131.5<\/p>\n","protected":false},"excerpt":{"rendered":"<p>Illumination Type: Non-Coaxial Sensor: 1.1&#8243; Magnification: 1.5x WD: 110mm F.NO: 9.5-22 Nd: 0.08 Telecentricity: \ufe640.02\u00b0 TV distortion: \ufe640.03% DOF(mm): 0.190 Object-Side Resolution: 4.19um TTL: 149 Mount: C-Mount 1.1 inch FOV(D\u00d7H\u00d7V): 12.1\u00d79.4\u00d76.9 22 inch FOV(H\u00d7V): 8.5\u00d76.4 2\/3 inch FOV(H\u00d7V): 5.8\u00d74.4 Size: \u03c640\u00d7131.5<\/p>\n","protected":false},"featured_media":0,"comment_status":"open","ping_status":"closed","template":"","meta":[],"product_brand":[],"product_cat":[1925,39,162],"product_tag":[],"class_list":{"0":"post-5089","1":"product","2":"type-product","3":"status-publish","5":"product_cat-1-1-standard-telecentric-lens","6":"product_cat-industrial-lens","7":"product_cat-telecentric-lens","9":"first","10":"instock","11":"taxable","12":"shipping-taxable","13":"purchasable","14":"product-type-simple"},"acf":[],"_links":{"self":[{"href":"https:\/\/etplautomation.com\/products\/wp-json\/wp\/v2\/product\/5089","targetHints":{"allow":["GET"]}}],"collection":[{"href":"https:\/\/etplautomation.com\/products\/wp-json\/wp\/v2\/product"}],"about":[{"href":"https:\/\/etplautomation.com\/products\/wp-json\/wp\/v2\/types\/product"}],"replies":[{"embeddable":true,"href":"https:\/\/etplautomation.com\/products\/wp-json\/wp\/v2\/comments?post=5089"}],"wp:attachment":[{"href":"https:\/\/etplautomation.com\/products\/wp-json\/wp\/v2\/media?parent=5089"}],"wp:term":[{"taxonomy":"product_brand","embeddable":true,"href":"https:\/\/etplautomation.com\/products\/wp-json\/wp\/v2\/product_brand?post=5089"},{"taxonomy":"product_cat","embeddable":true,"href":"https:\/\/etplautomation.com\/products\/wp-json\/wp\/v2\/product_cat?post=5089"},{"taxonomy":"product_tag","embeddable":true,"href":"https:\/\/etplautomation.com\/products\/wp-json\/wp\/v2\/product_tag?post=5089"}],"curies":[{"name":"wp","href":"https:\/\/api.w.org\/{rel}","templated":true}]}}