{"id":5140,"date":"2026-04-19T13:32:52","date_gmt":"2026-04-19T13:32:52","guid":{"rendered":"http:\/\/localhost\/etplautomation\/?post_type=product&#038;p=5140"},"modified":"2026-04-19T14:36:28","modified_gmt":"2026-04-19T14:36:28","slug":"mh11055c","status":"publish","type":"product","link":"https:\/\/etplautomation.com\/products\/product\/mh11055c\/","title":{"rendered":"MH11055C"},"content":{"rendered":"<p>Illumination Type:\tCoaxial<br \/>\nSensor:\t1.1&#8243;<br \/>\nMagnification:\t0.55x<br \/>\nWD:\t110mm<br \/>\nF.NO:\t6.8<br \/>\nNd:\t0.035<br \/>\nTelecentricity:\t\ufe640.05\u00b0<br \/>\nTV distortion:\t\ufe640.05%<br \/>\nDOF(mm):\t1.012<br \/>\nObject-Side Resolution:\t9.59um<br \/>\nTTL:\t150.5<br \/>\nMount:\tC-Mount<br \/>\nFOV(D\u00d7H\u00d7V):\t32\u00d725.6\u00d718.6<br \/>\nSize:\t\u03c648\u00d7132.8<\/p>\n","protected":false},"excerpt":{"rendered":"<p>Illumination Type: Coaxial Sensor: 1.1&#8243; Magnification: 0.55x WD: 110mm F.NO: 6.8 Nd: 0.035 Telecentricity: \ufe640.05\u00b0 TV distortion: \ufe640.05% DOF(mm): 1.012 Object-Side Resolution: 9.59um TTL: 150.5 Mount: C-Mount FOV(D\u00d7H\u00d7V): 32\u00d725.6\u00d718.6 Size: \u03c648\u00d7132.8<\/p>\n","protected":false},"featured_media":0,"comment_status":"open","ping_status":"closed","template":"","meta":[],"product_brand":[],"product_cat":[39,2092,162],"product_tag":[],"class_list":{"0":"post-5140","1":"product","2":"type-product","3":"status-publish","5":"product_cat-industrial-lens","6":"product_cat-non-standard-telecentric-lens","7":"product_cat-telecentric-lens","9":"first","10":"instock","11":"taxable","12":"shipping-taxable","13":"purchasable","14":"product-type-simple"},"acf":[],"_links":{"self":[{"href":"https:\/\/etplautomation.com\/products\/wp-json\/wp\/v2\/product\/5140","targetHints":{"allow":["GET"]}}],"collection":[{"href":"https:\/\/etplautomation.com\/products\/wp-json\/wp\/v2\/product"}],"about":[{"href":"https:\/\/etplautomation.com\/products\/wp-json\/wp\/v2\/types\/product"}],"replies":[{"embeddable":true,"href":"https:\/\/etplautomation.com\/products\/wp-json\/wp\/v2\/comments?post=5140"}],"wp:attachment":[{"href":"https:\/\/etplautomation.com\/products\/wp-json\/wp\/v2\/media?parent=5140"}],"wp:term":[{"taxonomy":"product_brand","embeddable":true,"href":"https:\/\/etplautomation.com\/products\/wp-json\/wp\/v2\/product_brand?post=5140"},{"taxonomy":"product_cat","embeddable":true,"href":"https:\/\/etplautomation.com\/products\/wp-json\/wp\/v2\/product_cat?post=5140"},{"taxonomy":"product_tag","embeddable":true,"href":"https:\/\/etplautomation.com\/products\/wp-json\/wp\/v2\/product_tag?post=5140"}],"curies":[{"name":"wp","href":"https:\/\/api.w.org\/{rel}","templated":true}]}}