{"id":5237,"date":"2026-04-28T07:53:47","date_gmt":"2026-04-28T07:53:47","guid":{"rendered":"http:\/\/localhost\/etplautomation\/?post_type=product&#038;p=5237"},"modified":"2026-04-28T08:14:57","modified_gmt":"2026-04-28T08:14:57","slug":"ca2045a","status":"publish","type":"product","link":"https:\/\/etplautomation.com\/products\/product\/ca2045a\/","title":{"rendered":"CA2045A"},"content":{"rendered":"<p>Focus length:\t20mm<br \/>\nSensor:\t1.4&#8243;<br \/>\nMagnification:\t10x<br \/>\nWD:\t15mm<br \/>\nNumerical Aperture:\t0.45<br \/>\nObject Resolution:\t0.61um<br \/>\nDOF:\t1.36um<br \/>\nWavelength:\t420-680nm<br \/>\nObjective Mount:\tM26\u00d7P0.706<br \/>\n1.4 inch FOV(H\u00d7V):\t1.9\u00d71.3<br \/>\n1.1 inch FOV(H\u00d7V):\t1.41\u00d71.06<br \/>\n2\/3 inch FOV(H\u00d7V):\t0.88\u00d70.66<br \/>\n1\/2 inch FOV(H\u00d7V):\t0.64\u00d70.48<br \/>\nSize:\t\u03c656\u00d780<\/p>\n","protected":false},"excerpt":{"rendered":"<p>Focus length: 20mm Sensor: 1.4&#8243; Magnification: 10x WD: 15mm Numerical Aperture: 0.45 Object Resolution: 0.61um DOF: 1.36um Wavelength: 420-680nm Objective Mount: M26\u00d7P0.706 1.4 inch FOV(H\u00d7V): 1.9\u00d71.3 1.1 inch FOV(H\u00d7V): 1.41\u00d71.06 2\/3 inch FOV(H\u00d7V): 0.88\u00d70.66 1\/2 inch FOV(H\u00d7V): 0.64\u00d70.48 Size: \u03c656\u00d780<\/p>\n","protected":false},"featured_media":0,"comment_status":"open","ping_status":"closed","template":"","meta":[],"product_brand":[],"product_cat":[258,2571],"product_tag":[],"class_list":{"0":"post-5237","1":"product","2":"type-product","3":"status-publish","5":"product_cat-microscope-lens","6":"product_cat-objective-lens","8":"first","9":"instock","10":"taxable","11":"shipping-taxable","12":"purchasable","13":"product-type-simple"},"acf":[],"_links":{"self":[{"href":"https:\/\/etplautomation.com\/products\/wp-json\/wp\/v2\/product\/5237","targetHints":{"allow":["GET"]}}],"collection":[{"href":"https:\/\/etplautomation.com\/products\/wp-json\/wp\/v2\/product"}],"about":[{"href":"https:\/\/etplautomation.com\/products\/wp-json\/wp\/v2\/types\/product"}],"replies":[{"embeddable":true,"href":"https:\/\/etplautomation.com\/products\/wp-json\/wp\/v2\/comments?post=5237"}],"wp:attachment":[{"href":"https:\/\/etplautomation.com\/products\/wp-json\/wp\/v2\/media?parent=5237"}],"wp:term":[{"taxonomy":"product_brand","embeddable":true,"href":"https:\/\/etplautomation.com\/products\/wp-json\/wp\/v2\/product_brand?post=5237"},{"taxonomy":"product_cat","embeddable":true,"href":"https:\/\/etplautomation.com\/products\/wp-json\/wp\/v2\/product_cat?post=5237"},{"taxonomy":"product_tag","embeddable":true,"href":"https:\/\/etplautomation.com\/products\/wp-json\/wp\/v2\/product_tag?post=5237"}],"curies":[{"name":"wp","href":"https:\/\/api.w.org\/{rel}","templated":true}]}}