{"id":5253,"date":"2026-04-28T08:01:24","date_gmt":"2026-04-28T08:01:24","guid":{"rendered":"http:\/\/localhost\/etplautomation\/?post_type=product&#038;p=5253"},"modified":"2026-04-28T08:46:38","modified_gmt":"2026-04-28T08:46:38","slug":"ct320b","status":"publish","type":"product","link":"https:\/\/etplautomation.com\/products\/product\/ct320b\/","title":{"rendered":"CT320B"},"content":{"rendered":"<p>Illumination Type:\tCoaxial<br \/>\nFocus length:\t320mm<br \/>\nSensor:\t1.4&#8243;<br \/>\nMagnification:\t1.6x<br \/>\nWavelength:\t420-680nm<br \/>\nTube Lens Mount:\tM26\u00d7P0.706<br \/>\nTube Length:\t226.88<br \/>\nFlange distance:\t17.526<br \/>\nMount:\tC-Mount<br \/>\n1.4 inch FOV(H\u00d7V):\t11.92\u00d78.17<br \/>\n1.1 inch FOV(H\u00d7V):\t8.81\u00d76.62<br \/>\n2\/3 inch FOV(H\u00d7V):\t5.5\u00d74.12<br \/>\n1\/2 inch FOV(H\u00d7V):\t4\u00d73<br \/>\nSize:\t\u03c691.5\u00d7226.88<\/p>\n","protected":false},"excerpt":{"rendered":"<p>Illumination Type: Coaxial Focus length: 320mm Sensor: 1.4&#8243; Magnification: 1.6x Wavelength: 420-680nm Tube Lens Mount: M26\u00d7P0.706 Tube Length: 226.88 Flange distance: 17.526 Mount: C-Mount 1.4 inch FOV(H\u00d7V): 11.92\u00d78.17 1.1 inch FOV(H\u00d7V): 8.81\u00d76.62 2\/3 inch FOV(H\u00d7V): 5.5\u00d74.12 1\/2 inch FOV(H\u00d7V): 4\u00d73 Size: \u03c691.5\u00d7226.88<\/p>\n","protected":false},"featured_media":0,"comment_status":"open","ping_status":"closed","template":"","meta":[],"product_brand":[],"product_cat":[258,2572],"product_tag":[],"class_list":{"0":"post-5253","1":"product","2":"type-product","3":"status-publish","5":"product_cat-microscope-lens","6":"product_cat-tube-lens","8":"first","9":"instock","10":"taxable","11":"shipping-taxable","12":"purchasable","13":"product-type-simple"},"acf":[],"_links":{"self":[{"href":"https:\/\/etplautomation.com\/products\/wp-json\/wp\/v2\/product\/5253","targetHints":{"allow":["GET"]}}],"collection":[{"href":"https:\/\/etplautomation.com\/products\/wp-json\/wp\/v2\/product"}],"about":[{"href":"https:\/\/etplautomation.com\/products\/wp-json\/wp\/v2\/types\/product"}],"replies":[{"embeddable":true,"href":"https:\/\/etplautomation.com\/products\/wp-json\/wp\/v2\/comments?post=5253"}],"wp:attachment":[{"href":"https:\/\/etplautomation.com\/products\/wp-json\/wp\/v2\/media?parent=5253"}],"wp:term":[{"taxonomy":"product_brand","embeddable":true,"href":"https:\/\/etplautomation.com\/products\/wp-json\/wp\/v2\/product_brand?post=5253"},{"taxonomy":"product_cat","embeddable":true,"href":"https:\/\/etplautomation.com\/products\/wp-json\/wp\/v2\/product_cat?post=5253"},{"taxonomy":"product_tag","embeddable":true,"href":"https:\/\/etplautomation.com\/products\/wp-json\/wp\/v2\/product_tag?post=5253"}],"curies":[{"name":"wp","href":"https:\/\/api.w.org\/{rel}","templated":true}]}}